{"id":83,"date":"2025-04-07T13:02:08","date_gmt":"2025-04-07T13:02:08","guid":{"rendered":"https:\/\/pohjalaresort.ee\/?page_id=83"},"modified":"2025-12-22T09:10:42","modified_gmt":"2025-12-22T09:10:42","slug":"about-the-resort","status":"publish","type":"page","link":"https:\/\/pohjalaresort.ee\/en\/about-the-resort\/","title":{"rendered":"About the resort"},"content":{"rendered":"<section class=\"bde-section-83-100 bde-section\">\n              \n  \n  \n\t\n\n  <div class=\"section-background-overlay\"><\/div>\n\n\n<div class=\"section-container\"><h1 class=\"bde-heading-83-101 bde-heading\">\nAbout the resort\n<\/h1><div class=\"bde-div-83-102 bde-div\">\n  \n  \n\t\n\n\n\n<a class=\"bde-container-link-83-105 bde-container-link breakdance-link\" href=\"#kompleksist\" target=\"_self\" data-type=\"url\">\n  \n  \n\t\n\n\n\n<div class=\"bde-text-83-103 bde-text\">\nRead more\n<\/div>\n\n<\/a><div class=\"bde-image-83-104 bde-image\">\n<figure class=\"breakdance-image breakdance-image--49\">\n\t<div class=\"breakdance-image-container\">\n\t\t<div class=\"breakdance-image-clip\"><img loading=\"lazy\" decoding=\"async\" class=\"breakdance-image-object\" src=\"https:\/\/breakdancelibrary.com\/hotel\/wp-content\/uploads\/sites\/34\/2023\/02\/arrow-down-black-white.png\" width=\"7\" height=\"61\" sizes=\"auto, (max-width: 7px) 100vw, 7px\"><\/div>\n\t<\/div><\/figure>\n\n<\/div>\n<\/div><\/div>\n<\/section><section class=\"bde-section-83-106 bde-section\">\n  \n  \n\t\n\n\n\n<div class=\"section-container\"><h4 class=\"bde-heading-83-107 bde-heading\">\nThe best working environment is silence. Why not approach things a little more interestingly and drive out of town to P\u00f5hjala Resort.<br>\n<\/h4><div class=\"bde-text-83-108 bde-text\">\nP\u00f5hjala Resort has 46 beds (with 6 extra beds available) and plenty of space for camping during the summer season. For larger events, we have created a special summer terrace that can accommodate up to 150 people for dining and partying. In addition, up to 400 seats can be installed in the courtyard in front of the summer terrace. The complex also includes a football and volleyball pitch, a basketball hoop and a darts court. For the children we have installed swings and a sandpit.<br>\n<\/div><\/div>\n<\/section><section id=\"kompleksist\" class=\"bde-section-83-160 bde-section\">\n  \n  \n\t\n\n\n\n<div class=\"section-container\"><div class=\"bde-columns-83-109 bde-columns\"><div class=\"bde-column-83-110 bde-column\">\n  \n  \n\t\n\n\n\n<h3 class=\"bde-heading-83-112 bde-heading\">\nHoliday home\n<\/h3><div class=\"bde-rich-text-83-116 bde-rich-text breakdance-rich-text-styles\">\n<p class=\"p1\">The fireplace lounge is where all the cold weather get-togethers and dinners are usually held.<\/p>\n<p class=\"p1\">Room capacity:<\/p>\n<p class=\"p1\">up to 80 people - party table can be covered, no space for band and dancing. Activities and band can be organised in adjacent seminar room.<\/p>\n<p class=\"p1\">up to 60 people - party table can be covered, with room for a band and dancing.<\/p>\n<p class=\"p1\">A massive stone fireplace adds to the romance. In addition to the fireplace room, we have also planned a fully equipped conference room that can be converted into a dance hall or a social room. The second floor of the holiday home has been converted into comfortable bedrooms.<\/p>\n<p class=\"p1\">400m2<span class=\"Apple-converted-space\">\u00a0 <\/span>the holiday home (15 places in total):<\/p>\n<ul class=\"ul1\">\n<li class=\"li1\">5 double twin rooms, each with a shower and a toilet<\/li>\n<li class=\"li1\">1 double room with shower and toilet in the room<\/li>\n<li class=\"li1\">1 triple room (double + twin bed), with shower and toilet in the room.<\/li>\n<li class=\"li1\">Fireplace room with up to eighty seats<\/li>\n<li class=\"li1\">Party\/seminar room with up to fifty seats and presentation equipment.<\/li>\n<\/ul>\n<p class=\"p1\">Rental period: from 16.00 until 12.00 the next day. Changes to the rental period can be made by prior arrangement.<\/p>\n<\/div>\n<\/div><div class=\"bde-column-83-114 bde-column\">\n  \n  \n\t\n\n\n\n<div class=\"bde-image-83-115 bde-image\">\n<figure class=\"breakdance-image breakdance-image--197\">\n\t<div class=\"breakdance-image-container\">\n\t\t<div class=\"breakdance-image-clip\"><img loading=\"lazy\" decoding=\"async\" class=\"breakdance-image-object\" src=\"https:\/\/pohjalaresort.ee\/wp-content\/uploads\/2025\/04\/Piltnr1-1.png\" width=\"1536\" height=\"1024\" srcset=\"https:\/\/pohjalaresort.ee\/wp-content\/uploads\/2025\/04\/Piltnr1-1.png 1536w, https:\/\/pohjalaresort.ee\/wp-content\/uploads\/2025\/04\/Piltnr1-1-300x200.png 300w, https:\/\/pohjalaresort.ee\/wp-content\/uploads\/2025\/04\/Piltnr1-1-1024x683.png 1024w, https:\/\/pohjalaresort.ee\/wp-content\/uploads\/2025\/04\/Piltnr1-1-768x512.png 768w, https:\/\/pohjalaresort.ee\/wp-content\/uploads\/2025\/04\/Piltnr1-1-18x12.png 18w\" sizes=\"auto, (max-width: 1536px) 100vw, 1536px\"><\/div>\n\t<\/div><\/figure>\n\n<\/div>\n<\/div><\/div><\/div>\n<\/section><section class=\"bde-section-83-156 bde-section\">\n  \n  \n\t\n\n\n\n<div class=\"section-container\"><div class=\"bde-columns-83-117 bde-columns\"><div class=\"bde-column-83-118 bde-column\">\n  \n  \n\t\n\n\n\n<h3 class=\"bde-heading-83-119 bde-heading\">\nGuest house\n<\/h3><div class=\"bde-rich-text-83-120 bde-rich-text breakdance-rich-text-styles\">\n<p class=\"p1\">It is a pure form of a guest house, not suitable for parties or training courses, as there are no common areas. The building has a total of seven comfortable rooms and 15 beds.<\/p>\n<p class=\"p1\">A 200 m2 guest house offers (15 beds in total):<\/p>\n<ul class=\"ul1\">\n<li class=\"li3\"><span class=\"s2\">6 double twin rooms with shower and toilet in each room<\/span><\/li>\n<li class=\"li3\"><span class=\"s2\">1 triple room (double + twin bed),<span class=\"Apple-converted-space\">\u00a0 <\/span>shower and toilet<\/span><\/li>\n<\/ul>\n<\/div>\n<\/div><div class=\"bde-column-83-121 bde-column\">\n  \n  \n\t\n\n\n\n<div class=\"bde-image-83-122 bde-image\">\n<figure class=\"breakdance-image breakdance-image--196\">\n\t<div class=\"breakdance-image-container\">\n\t\t<div class=\"breakdance-image-clip\"><img loading=\"lazy\" decoding=\"async\" class=\"breakdance-image-object\" src=\"https:\/\/pohjalaresort.ee\/wp-content\/uploads\/2025\/04\/kulalistemaja-1.png\" width=\"1536\" height=\"1024\" srcset=\"https:\/\/pohjalaresort.ee\/wp-content\/uploads\/2025\/04\/kulalistemaja-1.png 1536w, https:\/\/pohjalaresort.ee\/wp-content\/uploads\/2025\/04\/kulalistemaja-1-300x200.png 300w, https:\/\/pohjalaresort.ee\/wp-content\/uploads\/2025\/04\/kulalistemaja-1-1024x683.png 1024w, https:\/\/pohjalaresort.ee\/wp-content\/uploads\/2025\/04\/kulalistemaja-1-768x512.png 768w, https:\/\/pohjalaresort.ee\/wp-content\/uploads\/2025\/04\/kulalistemaja-1-18x12.png 18w\" sizes=\"auto, (max-width: 1536px) 100vw, 1536px\"><\/div>\n\t<\/div><\/figure>\n\n<\/div>\n<\/div><\/div><\/div>\n<\/section><section class=\"bde-section-83-159 bde-section\">\n  \n  \n\t\n\n\n\n<div class=\"section-container\"><div class=\"bde-columns-83-138 bde-columns\"><div class=\"bde-column-83-139 bde-column\">\n  \n  \n\t\n\n\n\n<h3 class=\"bde-heading-83-140 bde-heading\">\nSauna house\n<\/h3><div class=\"bde-rich-text-83-141 bde-rich-text breakdance-rich-text-styles\">\n<p class=\"p1\">The sauna house is located at the western end of our complex and was the second building we started to build after the holiday house. It is a hand-hewn log building with a shingle roof. The logs are impregnated with natural pine tar, which adds a natural touch to your entire gathering.<\/p>\n<p class=\"p1\">NOTE: The sauna house is not rented separately, but only together with the holiday house or the rest of the complex.<\/p>\n<ul class=\"ul1\">\n<li class=\"li1\">A 50m2 sauna house offers (total of 8 accommodation places):<\/li>\n<li class=\"li1\">Six-seater wood-fired sauna<\/li>\n<li class=\"li1\">Front room with up to 15 seats<\/li>\n<li class=\"li1\">3 showers and 2 toilets<\/li>\n<li class=\"li1\">8 sleeping places on the second floor of the sauna house (two four-bed rooms).<\/li>\n<li class=\"li1\">Sauna towels<\/li>\n<li class=\"li1\">Fireplace<\/li>\n<li class=\"li1\">Heated hot tub for 6 people at a time (only during the warm season).<\/li>\n<\/ul>\n<p class=\"p1\">NB: The hot tub is not in use or heated during the period 15.10-30.04.<\/p>\n<\/div>\n<\/div><div class=\"bde-column-83-142 bde-column\">\n  \n  \n\t\n\n\n\n<div class=\"bde-image-83-143 bde-image\">\n<figure class=\"breakdance-image breakdance-image--192\">\n\t<div class=\"breakdance-image-container\">\n\t\t<div class=\"breakdance-image-clip\"><img loading=\"lazy\" decoding=\"async\" class=\"breakdance-image-object\" src=\"https:\/\/pohjalaresort.ee\/wp-content\/uploads\/2025\/04\/Saunamaja.png\" width=\"1024\" height=\"1536\" srcset=\"https:\/\/pohjalaresort.ee\/wp-content\/uploads\/2025\/04\/Saunamaja.png 1024w, https:\/\/pohjalaresort.ee\/wp-content\/uploads\/2025\/04\/Saunamaja-200x300.png 200w, https:\/\/pohjalaresort.ee\/wp-content\/uploads\/2025\/04\/Saunamaja-683x1024.png 683w, https:\/\/pohjalaresort.ee\/wp-content\/uploads\/2025\/04\/Saunamaja-768x1152.png 768w, https:\/\/pohjalaresort.ee\/wp-content\/uploads\/2025\/04\/Saunamaja-8x12.png 8w\" sizes=\"auto, (max-width: 1024px) 100vw, 1024px\"><\/div>\n\t<\/div><\/figure>\n\n<\/div>\n<\/div><\/div><\/div>\n<\/section><section class=\"bde-section-83-157 bde-section\">\n  \n  \n\t\n\n\n\n<div class=\"section-container\"><div class=\"bde-columns-83-144 bde-columns\"><div class=\"bde-column-83-145 bde-column\">\n  \n  \n\t\n\n\n\n<h3 class=\"bde-heading-83-146 bde-heading\">\nSummer terrace\n<\/h3><div class=\"bde-rich-text-83-147 bde-rich-text breakdance-rich-text-styles\">\n<p class=\"p1\">For big summer events, we have specially created a large summer lawn so that rain and wind don't interfere with the event. The building is covered on four sides with walls and can seat up to 120 people. The terrace area is fully covered with lighting and there are electrical outlets in every corner.<span class=\"Apple-converted-space\">\u00a0 <\/span>The shelter is furnished with benches of different sizes and rectangular tables. Our summer terrace has become very popular for weddings and summer days.<\/p>\n<p class=\"p1\">The summer terrace is also a great place to hold seminars. P\u00f5hjala Resort<span class=\"Apple-converted-space\">\u00a0 <\/span>away from noisy roads and our atmosphere is very quiet. We can also provide a projector, screen and whiteboard in the room.<\/p>\n<p class=\"p1\">NOTE: The summer terrace is not rented separately but is included in the rental of the whole complex.<\/p>\n<\/div>\n<\/div><div class=\"bde-column-83-148 bde-column\">\n  \n  \n\t\n\n\n\n<div class=\"bde-image-83-149 bde-image\">\n<figure class=\"breakdance-image breakdance-image--194\">\n\t<div class=\"breakdance-image-container\">\n\t\t<div class=\"breakdance-image-clip\"><img loading=\"lazy\" decoding=\"async\" class=\"breakdance-image-object\" src=\"https:\/\/pohjalaresort.ee\/wp-content\/uploads\/2025\/04\/suveterrassjpg-1.jpg\" width=\"2500\" height=\"1667\" srcset=\"https:\/\/pohjalaresort.ee\/wp-content\/uploads\/2025\/04\/suveterrassjpg-1.jpg 2500w, https:\/\/pohjalaresort.ee\/wp-content\/uploads\/2025\/04\/suveterrassjpg-1-300x200.jpg 300w, https:\/\/pohjalaresort.ee\/wp-content\/uploads\/2025\/04\/suveterrassjpg-1-1024x683.jpg 1024w, https:\/\/pohjalaresort.ee\/wp-content\/uploads\/2025\/04\/suveterrassjpg-1-768x512.jpg 768w, https:\/\/pohjalaresort.ee\/wp-content\/uploads\/2025\/04\/suveterrassjpg-1-1536x1024.jpg 1536w, https:\/\/pohjalaresort.ee\/wp-content\/uploads\/2025\/04\/suveterrassjpg-1-2048x1366.jpg 2048w, https:\/\/pohjalaresort.ee\/wp-content\/uploads\/2025\/04\/suveterrassjpg-1-18x12.jpg 18w\" sizes=\"auto, (max-width: 2500px) 100vw, 2500px\"><\/div>\n\t<\/div><\/figure>\n\n<\/div>\n<\/div><\/div><\/div>\n<\/section><section class=\"bde-section-83-158 bde-section\">\n  \n  \n\t\n\n\n\n<div class=\"section-container\"><div class=\"bde-columns-83-150 bde-columns\"><div class=\"bde-column-83-151 bde-column\">\n  \n  \n\t\n\n\n\n<h3 class=\"bde-heading-83-152 bde-heading\">\nOutdoor area\n<\/h3><div class=\"bde-rich-text-83-153 bde-rich-text breakdance-rich-text-styles\">\n<p class=\"p1\">We have tried to build P\u00f5hjala Resort using materials and techniques as close to nature as possible. All our buildings are hand hewn from round logs or ore. It has always been our aim that a farm complex consisting of several buildings should form a coherent whole. In the courtyard you will find a number of pleasant seating areas, a football and volleyball pitch and a basketball court with a single basket.<\/p>\n<p class=\"p1\">For the children we have created a play area with a sandpit and swings. We have plenty of space for social games and camping.<\/p>\n<p class=\"p1\">Outdoor area offers:<\/p>\n<ul class=\"ul1\">\n<li class=\"li1\">Football and volleyball pitch, basketball basket (1pc), darts game.<\/li>\n<li class=\"li1\">Swings and sandpit for children<\/li>\n<li class=\"li1\">Plenty of seating (for around 100 people, with the possibility of additional tables for up to 120).<\/li>\n<li class=\"li1\">25m2 modern greenhouse e.g. for small workshops, serving food or a bar.<\/li>\n<li class=\"li1\">Unlimited camping space<\/li>\n<li class=\"li1\">Parking in front of the holiday house, plus a lawn for up to 100 cars.<\/li>\n<\/ul>\n<\/div>\n<\/div><div class=\"bde-column-83-154 bde-column\">\n  \n  \n\t\n\n\n\n<div class=\"bde-image-83-155 bde-image\">\n<figure class=\"breakdance-image breakdance-image--187\">\n\t<div class=\"breakdance-image-container\">\n\t\t<div class=\"breakdance-image-clip\"><img loading=\"lazy\" decoding=\"async\" class=\"breakdance-image-object\" src=\"https:\/\/pohjalaresort.ee\/wp-content\/uploads\/2025\/04\/Oueala.jpg\" width=\"1512\" height=\"2016\" srcset=\"https:\/\/pohjalaresort.ee\/wp-content\/uploads\/2025\/04\/Oueala.jpg 1512w, https:\/\/pohjalaresort.ee\/wp-content\/uploads\/2025\/04\/Oueala-225x300.jpg 225w, https:\/\/pohjalaresort.ee\/wp-content\/uploads\/2025\/04\/Oueala-768x1024.jpg 768w, https:\/\/pohjalaresort.ee\/wp-content\/uploads\/2025\/04\/Oueala-1152x1536.jpg 1152w, https:\/\/pohjalaresort.ee\/wp-content\/uploads\/2025\/04\/Oueala-9x12.jpg 9w\" sizes=\"auto, (max-width: 1512px) 100vw, 1512px\"><\/div>\n\t<\/div><\/figure>\n\n<\/div>\n<\/div><\/div><\/div>\n<\/section><section id=\"hinnad\" class=\"bde-section-83-162 bde-section\">\n  \n  \n\t\n\n\n\n<div class=\"section-container\"><div class=\"bde-columns-83-163 bde-columns\"><div class=\"bde-column-83-164 bde-column\">\n  \n  \n\t\n\n\n\n<div class=\"bde-div-83-169 bde-div\">\n  \n  \n\t\n\n\n\n<h3 class=\"bde-heading-83-165 bde-heading\">\nRental prices\n<\/h3>\n<\/div><div class=\"bde-rich-text-83-166 bde-rich-text breakdance-rich-text-styles\">\n<p class=\"p1\"><strong>Rental prices for the regular season (October-April):<\/strong><\/p>\n<ul>\n<li class=\"p1\">Rental price of the entire resort (main house, sauna house, guesthouse, forest house, outdoor area), accommodation for up to 46 guests: \u20ac1,500+VAT\/day.<\/li>\n<li class=\"p1\">P\u00f5hjala Resort main house + sauna house rental, accommodation for up to 23 guests: 1000\u20ac+VAT\/day.<\/li>\n<\/ul>\n<p class=\"p1\">*Booking fee to confirm dates: 1000\u20ac+km (non-refundable).<\/p>\n<p class=\"p1\"><strong>High season (May-September) rental prices, only the entire resort can be rented:<\/strong><\/p>\n<ul>\n<li>Friday to Saturday resort private rental (holiday house, sauna house, guest house, fenced house, yard area) rental price: 2500\u20ac+km\/day.<\/li>\n<li>Sunday to Thursday resort private rental (holiday house, sauna house, guest house, fenced house, yard area) rental price: 1500\u20ac+km\/day<\/li>\n<\/ul>\n<p class=\"p1\">*Booking fee to confirm dates: 1000\u20ac+km (non-refundable).<\/p>\n<\/div>\n<\/div><\/div><\/div>\n<\/section><section id=\"hinnad\" class=\"bde-section-83-172 bde-section\">\n  \n  \n\t\n\n\n\n<div class=\"section-container\"><div class=\"bde-columns-83-173 bde-columns\"><div class=\"bde-column-83-174 bde-column\">\n  \n  \n\t\n\n\n\n<div class=\"bde-div-83-175 bde-div\">\n  \n  \n\t\n\n\n\n<h3 class=\"bde-heading-83-176 bde-heading\">\nRental conditions\n<\/h3>\n<\/div><div class=\"bde-rich-text-83-177 bde-rich-text breakdance-rich-text-styles\">\n<p class=\"p1\">1. Rental time 4:00 PM until 11:30 AM the next day, except for special written agreements.<\/p>\n<p class=\"p1\"><span class=\"s1\">- <\/span>The resort's rental time is from 11:00 to 15:30.\nP\u00f5hjala Resort operates at up to 100% capacity during busier periods, and we kindly ask that all early arrivals be coordinated in advance with the event project manager.\nFor example, on summer event days, we can sometimes start lunch outdoors at 14:30, and a wedding decorator\/florist can be allowed access to the outdoor area starting from 12:30 (we are ready to receive guests from 16:00). Guests can be allowed indoors from 16:00.<\/p>\n<p class=\"p1\">2. Loud music and bands may play in the outdoor area of P\u00f5hjala Resort until 23:00 or until the allowance of special permit given by the local municipality.\nAfter that, music can continue indoors with doors and windows closed. It is possible to apply for an extension of the quiet hours from the Kose municipality.\nContact: K\u00e4tlin Iljin, Municipal Secretary <span class=\"s1\">katlin.iljin@kosevald.ee<\/span> (authorisation can take up to 30 days). For larger <span class=\"s2\">for summer days and weddings, please make sure you take this permission.<\/span><\/p>\n<p class=\"p1\">3. The prices shown are valid for up to 50 people. For larger events, please ask for a separate quote.<\/p>\n<p class=\"p1\">4. The booking is guaranteed upon receipt of the booking fee. 100% must be paid for each event before it starts. The booking fee is non-refundable in case of cancellation.<\/p>\n<p class=\"p1\">5. Sauna use lasts for 4 hours at a time of your choice.<\/p>\n<p class=\"p1\">6. From 15 October to 30 April, the hot tub will not be heated and will not be offered as a service.<\/p>\n<p class=\"p1\">7. Renting P\u00f5hjala Resort is based on a contract, which is completed on-site before the start of each event.<\/p>\n<p class=\"p1\">8. The P\u00f5hjala Resort does not organise events where the majority of people are under 25 years of age. For security reasons, we do not cater for school parties or birthday parties for young people.<\/p>\n<p class=\"p1\">9. Fireworks are allowed until 23.00. However, please be aware that we are in a natural environment and please refrain from fireworks if possible.<\/p>\n<p class=\"p1\">10. Check-in is from 16.00 and check-out is no later than 11.30. Other rooms in the complex can be used at other times by prior arrangement.<\/p>\n<p class=\"p1\">11. Consumption of own beverages and meals is prohibited on the premises of the P\u00f5hjala Resort.<\/p>\n<\/div>\n<\/div><\/div><\/div>\n<\/section>","protected":false},"excerpt":{"rendered":"<p>Kompleksist Loe l\u00e4hemalt Parim t\u00f6\u00f6keskkond on vaikus. Miks mitte l\u00e4heneda asjale natukene huvitavamalt ning s\u00f5ita linnast v\u00e4lja P\u00f5hjala Resorti. P\u00f5hjala Resortis on suveperioodil 46 (6 lisakoha v\u00f5imalusega) \u00f6\u00f6bimiskohta ning rohkelt ruumi telkimiseks. Suuremate s\u00fcndmuste jaoks oleme spetsiaalselt loonud suveterrassi, kuhu mahub einestama ja pidutsema kuni 150 inimest. Lisaks on v\u00f5imalik paigaldada kuni 400 istumiskohta suveterrassi [&hellip;]<\/p>\n","protected":false},"author":2,"featured_media":0,"parent":0,"menu_order":0,"comment_status":"closed","ping_status":"closed","template":"","meta":{"_breakdance_hide_in_design_set":false,"_breakdance_tags":"","footnotes":""},"class_list":["post-83","page","type-page","status-publish","hentry"],"_links":{"self":[{"href":"https:\/\/pohjalaresort.ee\/en\/wp-json\/wp\/v2\/pages\/83","targetHints":{"allow":["GET"]}}],"collection":[{"href":"https:\/\/pohjalaresort.ee\/en\/wp-json\/wp\/v2\/pages"}],"about":[{"href":"https:\/\/pohjalaresort.ee\/en\/wp-json\/wp\/v2\/types\/page"}],"author":[{"embeddable":true,"href":"https:\/\/pohjalaresort.ee\/en\/wp-json\/wp\/v2\/users\/2"}],"replies":[{"embeddable":true,"href":"https:\/\/pohjalaresort.ee\/en\/wp-json\/wp\/v2\/comments?post=83"}],"version-history":[{"count":34,"href":"https:\/\/pohjalaresort.ee\/en\/wp-json\/wp\/v2\/pages\/83\/revisions"}],"predecessor-version":[{"id":400,"href":"https:\/\/pohjalaresort.ee\/en\/wp-json\/wp\/v2\/pages\/83\/revisions\/400"}],"wp:attachment":[{"href":"https:\/\/pohjalaresort.ee\/en\/wp-json\/wp\/v2\/media?parent=83"}],"curies":[{"name":"wp","href":"https:\/\/api.w.org\/{rel}","templated":true}]}}