{"id":146,"date":"2025-04-09T07:48:53","date_gmt":"2025-04-09T07:48:53","guid":{"rendered":"https:\/\/pohjalaresort.ee\/?page_id=146"},"modified":"2025-05-21T12:36:09","modified_gmt":"2025-05-21T12:36:09","slug":"company-retreats","status":"publish","type":"page","link":"https:\/\/pohjalaresort.ee\/en\/company-retreats\/","title":{"rendered":"Company events"},"content":{"rendered":"<section class=\"bde-section-146-100 bde-section\">\n              \n  \n  \n\t\n\n  <div class=\"section-background-overlay\"><\/div>\n\n\n<div class=\"section-container\"><h1 class=\"bde-heading-146-101 bde-heading\">\nCompany events\n<\/h1><\/div>\n<\/section><section class=\"bde-section-146-102 bde-section\">\n  \n  \n\t\n\n\n\n<div class=\"section-container\"><div class=\"bde-columns-146-103 bde-columns\"><div class=\"bde-column-146-104 bde-column\">\n  \n  \n\t\n\n\n\n<div class=\"bde-rich-text-146-105 bde-rich-text breakdance-rich-text-styles\">\n<p>P\u00f5hjala Resort is the ideal place for summer days. Our experience includes catering for over 500 companies in Estonia. In addition to a holiday complex with a wide range of facilities, we offer a variety of leisure activities, quality catering and a range of additional services.<\/p>\n<p><strong>Options:<\/strong><\/p>\n<p>P\u00f5hjala Resort has 46 beds (with 6 extra beds available) and plenty of space for camping in the summer. For larger events, we have created a special summer terrace that can accommodate up to 150 people for dining and partying. In addition, up to 400 seats can be installed in the courtyard in front of the summer terrace. The complex also includes a football and volleyball pitch, a basketball hoop and a darts court. For the children we have installed swings and a sandpit.<\/p>\n<\/div>\n<\/div><\/div><\/div>\n<\/section>","protected":false},"excerpt":{"rendered":"<p>Suvep\u00e4evad ja firma\u00fcritused P\u00f5hjala Resort on ideaalne paik suvep\u00e4evade korraldamiseks. Meie kogemustepagasisse kuulub \u00fcle 500 Eesti ettev\u00f5tte suvep\u00e4evade teenindamine. Lisaks rohkete v\u00f5imalustega puhkekompleksile pakume erinevaid vaba aja veetmise v\u00f5imalusi, kvaliteetset toitlustusteenust ning mitmeid lisateenuseid. V\u00f5imalused: P\u00f5hjala Resortis on suveperioodil 46 (6 lisakoha v\u00f5imalusega) \u00f6\u00f6bimiskohta ning rohkelt ruumi telkimiseks. Suuremate s\u00fcndmuste jaoks oleme spetsiaalselt loonud suveterrassi, [&hellip;]<\/p>\n","protected":false},"author":2,"featured_media":0,"parent":0,"menu_order":0,"comment_status":"closed","ping_status":"closed","template":"","meta":{"_breakdance_hide_in_design_set":false,"_breakdance_tags":"","footnotes":""},"class_list":["post-146","page","type-page","status-publish","hentry"],"_links":{"self":[{"href":"https:\/\/pohjalaresort.ee\/en\/wp-json\/wp\/v2\/pages\/146","targetHints":{"allow":["GET"]}}],"collection":[{"href":"https:\/\/pohjalaresort.ee\/en\/wp-json\/wp\/v2\/pages"}],"about":[{"href":"https:\/\/pohjalaresort.ee\/en\/wp-json\/wp\/v2\/types\/page"}],"author":[{"embeddable":true,"href":"https:\/\/pohjalaresort.ee\/en\/wp-json\/wp\/v2\/users\/2"}],"replies":[{"embeddable":true,"href":"https:\/\/pohjalaresort.ee\/en\/wp-json\/wp\/v2\/comments?post=146"}],"version-history":[{"count":5,"href":"https:\/\/pohjalaresort.ee\/en\/wp-json\/wp\/v2\/pages\/146\/revisions"}],"predecessor-version":[{"id":345,"href":"https:\/\/pohjalaresort.ee\/en\/wp-json\/wp\/v2\/pages\/146\/revisions\/345"}],"wp:attachment":[{"href":"https:\/\/pohjalaresort.ee\/en\/wp-json\/wp\/v2\/media?parent=146"}],"curies":[{"name":"wp","href":"https:\/\/api.w.org\/{rel}","templated":true}]}}