{"id":133,"date":"2025-04-09T06:56:40","date_gmt":"2025-04-09T06:56:40","guid":{"rendered":"https:\/\/pohjalaresort.ee\/?page_id=133"},"modified":"2025-04-15T07:32:13","modified_gmt":"2025-04-15T07:32:13","slug":"seminars-and-work-meetings","status":"publish","type":"page","link":"https:\/\/pohjalaresort.ee\/en\/seminars-and-work-meetings\/","title":{"rendered":"Seminars and work meetings"},"content":{"rendered":"<section class=\"bde-section-133-100 bde-section\">\n              \n  \n  \n\t\n\n  <div class=\"section-background-overlay\"><\/div>\n\n\n<div class=\"section-container\"><h1 class=\"bde-heading-133-101 bde-heading\">\nSeminars and work meetings\n<\/h1><\/div>\n<\/section><section class=\"bde-section-133-105 bde-section\">\n  \n  \n\t\n\n\n\n<div class=\"section-container\"><div class=\"bde-columns-133-107 bde-columns\"><div class=\"bde-column-133-110 bde-column\">\n  \n  \n\t\n\n\n\n<div class=\"bde-rich-text-133-159 bde-rich-text breakdance-rich-text-styles\">\n<p>The best working environment is silence. Why not approach things a little more interestingly and drive out of town to P\u00f5hjala Resort.<\/p>\n<p>Our conference services are rated on the basis of:<\/p>\n<ul>\n<li>Unlike many rural tourism establishments, we have a well-lit conference room and a fireplace room for catering.<\/li>\n<li>We have all the necessary equipment in the conference room: projector, screen, whiteboard+markers, wifi.<\/li>\n<li>Prompt customer service, both in sending out quotes and answering current questions.<\/li>\n<li>P\u00f5hjala resort is always carefully prepared for your arrival, as per your request.<\/li>\n<\/ul>\n<p>We always prepare a separate quotation for each conference or training, including catering.<\/p>\n<p>The conference room is located on the ground floor of our holiday house and next to it is a fireplace room for meals and coffee breaks. During the summer periods, our summer terrace is also used as a conference room, where seminars have been held in theatre style for up to 150 people. We can also provide presentation equipment and wifi on the summer terrace.<\/p>\n<p><strong>Conference room capacity in the holiday home:<\/strong><\/p>\n<ul>\n<li>Theatre style: 45 people<\/li>\n<li>Classic style: 25 people<\/li>\n<li>U-shaped tables: 20 people<\/li>\n<li>U-shaped chairs only: 24 people<\/li>\n<\/ul>\n<p><strong>Amenities:<\/strong><\/p>\n<ul>\n<li>Projector<\/li>\n<li>Screen<\/li>\n<li>Paper plate + markers<\/li>\n<li>Wifi<\/li>\n<li>CD, Radio<\/li>\n<\/ul>\n<\/div>\n<\/div><\/div><\/div>\n<\/section>","protected":false},"excerpt":{"rendered":"<p>Seminarid ja t\u00f6\u00f6koosolekud Parim t\u00f6\u00f6keskkond on vaikus. Miks mitte l\u00e4heneda asjale natukene huvitavamalt ning s\u00f5ita linnast v\u00e4lja P\u00f5hjala Resorti. Meie konverentsiteenuseid hinnatakse just j\u00e4rgmise p\u00f5hjal: Erinevalt paljudest maaturismiasutustest on meie juures ERALDI hea valgustusega konverentsiruum ning kaminasaal toitlustamiseks Konverentsiruumis on meie poolt olemas vajalik tehnika: projektor, ekraan, pabertahvel+markerid, wifi Kiire klienditeenindus nii hinnapakkumiste v\u00e4ljasaatmises kui [&hellip;]<\/p>\n","protected":false},"author":2,"featured_media":0,"parent":0,"menu_order":0,"comment_status":"closed","ping_status":"closed","template":"","meta":{"_breakdance_hide_in_design_set":false,"_breakdance_tags":"","footnotes":""},"class_list":["post-133","page","type-page","status-publish","hentry"],"_links":{"self":[{"href":"https:\/\/pohjalaresort.ee\/en\/wp-json\/wp\/v2\/pages\/133","targetHints":{"allow":["GET"]}}],"collection":[{"href":"https:\/\/pohjalaresort.ee\/en\/wp-json\/wp\/v2\/pages"}],"about":[{"href":"https:\/\/pohjalaresort.ee\/en\/wp-json\/wp\/v2\/types\/page"}],"author":[{"embeddable":true,"href":"https:\/\/pohjalaresort.ee\/en\/wp-json\/wp\/v2\/users\/2"}],"replies":[{"embeddable":true,"href":"https:\/\/pohjalaresort.ee\/en\/wp-json\/wp\/v2\/comments?post=133"}],"version-history":[{"count":8,"href":"https:\/\/pohjalaresort.ee\/en\/wp-json\/wp\/v2\/pages\/133\/revisions"}],"predecessor-version":[{"id":240,"href":"https:\/\/pohjalaresort.ee\/en\/wp-json\/wp\/v2\/pages\/133\/revisions\/240"}],"wp:attachment":[{"href":"https:\/\/pohjalaresort.ee\/en\/wp-json\/wp\/v2\/media?parent=133"}],"curies":[{"name":"wp","href":"https:\/\/api.w.org\/{rel}","templated":true}]}}